{"id":27,"date":"2023-07-19T16:35:10","date_gmt":"2023-07-19T16:35:10","guid":{"rendered":"https:\/\/transformationalcuppingbergenopzoom.nl\/?page_id=27"},"modified":"2024-03-31T16:14:11","modified_gmt":"2024-03-31T16:14:11","slug":"voorstellen","status":"publish","type":"page","link":"https:\/\/transformationalcuppingbergenopzoom.nl\/index.php\/voorstellen\/","title":{"rendered":"Voorstellen"},"content":{"rendered":"\n<div class=\"wp-block-columns is-layout-flex wp-container-core-columns-is-layout-9d6595d7 wp-block-columns-is-layout-flex\">\n<div class=\"wp-block-column is-layout-flow wp-block-column-is-layout-flow\" style=\"flex-basis:100%\"><\/div>\n<\/div>\n\n\n\n<div class=\"wp-block-columns is-layout-flex wp-container-core-columns-is-layout-9d6595d7 wp-block-columns-is-layout-flex\">\n<div class=\"wp-block-column is-layout-flow wp-block-column-is-layout-flow\">\n<figure class=\"wp-block-image size-large\"><img loading=\"lazy\" decoding=\"async\" width=\"683\" height=\"1024\" src=\"https:\/\/transformationalcuppingbergenopzoom.nl\/wp-content\/uploads\/2024\/03\/portret-Rachel-2-683x1024.jpg\" alt=\"\" class=\"wp-image-133\" srcset=\"https:\/\/transformationalcuppingbergenopzoom.nl\/wp-content\/uploads\/2024\/03\/portret-Rachel-2-683x1024.jpg 683w, https:\/\/transformationalcuppingbergenopzoom.nl\/wp-content\/uploads\/2024\/03\/portret-Rachel-2-200x300.jpg 200w, https:\/\/transformationalcuppingbergenopzoom.nl\/wp-content\/uploads\/2024\/03\/portret-Rachel-2-768x1151.jpg 768w, https:\/\/transformationalcuppingbergenopzoom.nl\/wp-content\/uploads\/2024\/03\/portret-Rachel-2-1025x1536.jpg 1025w, https:\/\/transformationalcuppingbergenopzoom.nl\/wp-content\/uploads\/2024\/03\/portret-Rachel-2-40x60.jpg 40w, https:\/\/transformationalcuppingbergenopzoom.nl\/wp-content\/uploads\/2024\/03\/portret-Rachel-2.jpg 1366w\" sizes=\"auto, (max-width: 683px) 100vw, 683px\" \/><\/figure>\n<\/div>\n\n\n\n<div class=\"wp-block-column is-layout-flow wp-block-column-is-layout-flow\">\n<p><strong>Over Transformational Cupping<\/strong><\/p>\n\n\n\n<p>Mijn naam is Rachel de Wolff en ik woon in het prachtige Bergen op Zoom.  Samen met Erik en onze kinderen vormen we een samengesteld gezin. Sinds een aantal jaren ben ik me enorm gaan verdiepen in een bewuster en gezonder leven.  De grootste eyeopener kwam toen ik na een periode van slecht slapen, me eindelijk beter voelde met gezond en natuurlijk eten en het gebruik van essenti\u00eble oli\u00ebn. Naast mijn toenmalige baan heb ik toen cursussen gevolgd op het gebied van natuur di\u00ebtiek en het gebruik van oli\u00ebn.  Ik voelde me zoveel beter! Toen ik mijn eerste cupping massage kreeg was ik meteen verkocht. De pijn in mijn schouders verdween en ik wilde direct meer weten hierover.  In juni 2023 heb ik mijn opleiding voor Transformational Cupping afgerond. Mijn belangrijkste drijfveer is om dezelfde kennis over te brengen en mensen te helpen weer beter in hun vel te zitten. Met mijn praktijk Transformational Cupping hoop ik daar een mooie bijdrage aan te leveren!<\/p>\n<\/div>\n<\/div>\n","protected":false},"excerpt":{"rendered":"<p>Rachel de Wolff en woon in het prachtige Bergen op Zoom. Samen met Erik en onze kinderen vormen we een samengesteld gezin. Sinds een aantal jaren ben ik me enorm gaan verdiepen in een bewuster en gezonder leven. En heb ik de nodige cursussen gevolgd om mijn kennis uit te breiden. In juni heb ik mijn opleiding voor Transformational Cupping afgerond. <\/p>\n","protected":false},"author":1,"featured_media":130,"parent":0,"menu_order":0,"comment_status":"closed","ping_status":"closed","template":"","meta":{"footnotes":""},"class_list":["post-27","page","type-page","status-publish","has-post-thumbnail","hentry"],"_links":{"self":[{"href":"https:\/\/transformationalcuppingbergenopzoom.nl\/index.php\/wp-json\/wp\/v2\/pages\/27","targetHints":{"allow":["GET"]}}],"collection":[{"href":"https:\/\/transformationalcuppingbergenopzoom.nl\/index.php\/wp-json\/wp\/v2\/pages"}],"about":[{"href":"https:\/\/transformationalcuppingbergenopzoom.nl\/index.php\/wp-json\/wp\/v2\/types\/page"}],"author":[{"embeddable":true,"href":"https:\/\/transformationalcuppingbergenopzoom.nl\/index.php\/wp-json\/wp\/v2\/users\/1"}],"replies":[{"embeddable":true,"href":"https:\/\/transformationalcuppingbergenopzoom.nl\/index.php\/wp-json\/wp\/v2\/comments?post=27"}],"version-history":[{"count":8,"href":"https:\/\/transformationalcuppingbergenopzoom.nl\/index.php\/wp-json\/wp\/v2\/pages\/27\/revisions"}],"predecessor-version":[{"id":167,"href":"https:\/\/transformationalcuppingbergenopzoom.nl\/index.php\/wp-json\/wp\/v2\/pages\/27\/revisions\/167"}],"wp:featuredmedia":[{"embeddable":true,"href":"https:\/\/transformationalcuppingbergenopzoom.nl\/index.php\/wp-json\/wp\/v2\/media\/130"}],"wp:attachment":[{"href":"https:\/\/transformationalcuppingbergenopzoom.nl\/index.php\/wp-json\/wp\/v2\/media?parent=27"}],"curies":[{"name":"wp","href":"https:\/\/api.w.org\/{rel}","templated":true}]}}